{"id":763,"date":"2018-08-29T14:56:19","date_gmt":"2018-08-29T17:56:19","guid":{"rendered":"https:\/\/cwilliams-bue.infd.edu.ar\/sitio\/datos-institucionales\/"},"modified":"2025-08-19T16:01:52","modified_gmt":"2025-08-19T19:01:52","slug":"datos-institucionales","status":"publish","type":"page","link":"https:\/\/cwilliams-bue.infd.edu.ar\/sitio\/datos-institucionales\/","title":{"rendered":"Datos institucionales"},"content":{"rendered":"<blockquote>\n<h2><span style=\"font-family: verdana; font-size: 12pt;\"><strong>Conservatorio de M\u00fasica Alberto Williams<\/strong><\/span><\/h2>\n<h2><span style=\"font-family: verdana; font-size: 10pt;\">Direcci\u00f3n de Ense\u00f1anza Art\u00edstica &#8211; Direcci\u00f3n General de Escuelas Cultura y Educaci\u00f3n &#8211; Chivilcoy<\/span><\/h2>\n<ul>\n<li><span style=\"font-family: verdana; font-size: 10pt;\">Horarios de atenci\u00f3n: Lunes a Viernes de 8:00 a 12:00 y de 13 a 21:00 hs.<\/span><\/li>\n<li><span style=\"font-family: verdana; font-size: 10pt;\">Direcci\u00f3n: Av. So\u00e1rez 61 (e\/ Fr\u00edas y Alvear) &#8211; Chivilcoy (6620) &#8211; BsAs<\/span><\/li>\n<li><span style=\"font-family: verdana; font-size: 10pt;\">Tel\u00e9fonos: (02346) 42 2455<\/span><\/li>\n<li><span style=\"font-family: verdana; font-size: 10pt;\">E-mail: <a href=\"mailto:conservatoriowilliams@gmail.com\">Conservatoriochivilcoy@abc.gob.ar<\/a><\/span><\/li>\n<li><span style=\"font-family: verdana; font-size: 10pt;\">URL: <a title=\"Sitio Oficial\" href=\"https:\/\/cwilliams-bue.infd.edu.ar\/sitio\/\" target=\"_blank\" rel=\"noopener\">https:\/\/cwilliams-bue.infd.edu.ar<\/a><\/span><\/li>\n<\/ul>\n<\/blockquote>\n","protected":false},"excerpt":{"rendered":"<p>Conservatorio de M\u00fasica Alberto Williams Direcci\u00f3n de Ense\u00f1anza Art\u00edstica &#8211; Direcci\u00f3n General de Escuelas Cultura y Educaci\u00f3n &#8211; Chivilcoy Horarios de atenci\u00f3n: Lunes a Viernes de 8:00 a 12:00 y de 13 a 21:00 hs. Direcci\u00f3n: Av. So\u00e1rez 61 (e\/ Fr\u00edas y Alvear) &#8211; Chivilcoy (6620) &#8211; BsAs Tel\u00e9fonos: (02346) 42 2455 E-mail: Conservatoriochivilcoy@abc.gob.ar URL: &#8230; <a title=\"Datos institucionales\" class=\"read-more\" href=\"https:\/\/cwilliams-bue.infd.edu.ar\/sitio\/datos-institucionales\/\" aria-label=\"More on Datos institucionales\">[+]<\/a><\/p>\n","protected":false},"author":43,"featured_media":0,"parent":0,"menu_order":0,"comment_status":"closed","ping_status":"closed","template":"","meta":[],"acf":[],"_links":{"self":[{"href":"https:\/\/cwilliams-bue.infd.edu.ar\/sitio\/wp-json\/wp\/v2\/pages\/763"}],"collection":[{"href":"https:\/\/cwilliams-bue.infd.edu.ar\/sitio\/wp-json\/wp\/v2\/pages"}],"about":[{"href":"https:\/\/cwilliams-bue.infd.edu.ar\/sitio\/wp-json\/wp\/v2\/types\/page"}],"author":[{"embeddable":true,"href":"https:\/\/cwilliams-bue.infd.edu.ar\/sitio\/wp-json\/wp\/v2\/users\/43"}],"replies":[{"embeddable":true,"href":"https:\/\/cwilliams-bue.infd.edu.ar\/sitio\/wp-json\/wp\/v2\/comments?post=763"}],"version-history":[{"count":2,"href":"https:\/\/cwilliams-bue.infd.edu.ar\/sitio\/wp-json\/wp\/v2\/pages\/763\/revisions"}],"predecessor-version":[{"id":1431,"href":"https:\/\/cwilliams-bue.infd.edu.ar\/sitio\/wp-json\/wp\/v2\/pages\/763\/revisions\/1431"}],"wp:attachment":[{"href":"https:\/\/cwilliams-bue.infd.edu.ar\/sitio\/wp-json\/wp\/v2\/media?parent=763"}],"curies":[{"name":"wp","href":"https:\/\/api.w.org\/{rel}","templated":true}]}}