{"id":746,"date":"2018-08-29T14:56:15","date_gmt":"2018-08-29T17:56:15","guid":{"rendered":"https:\/\/cwilliams-bue.infd.edu.ar\/sitio\/horarios-2018\/"},"modified":"2025-08-19T16:02:29","modified_gmt":"2025-08-19T19:02:29","slug":"horarios-2018","status":"publish","type":"page","link":"https:\/\/cwilliams-bue.infd.edu.ar\/sitio\/horarios-2018\/","title":{"rendered":"Horarios 2025"},"content":{"rendered":"<p><a href=\"https:\/\/www.dropbox.com\/pri\/get\/horarios\/2017\/Horarios%202017%20en%20pdf\/profesorado%20educ%20musical%202017.pdf?_subject_uid=1735386&amp;w=AACHvx7xkQdhI80FbK0T_YTp2t1zKsr0qYoJP-iq1JOVHg\"><br \/>\n<\/a><a href=\"https:\/\/drive.google.com\/file\/d\/1m0kpdkWmb7S10fmaniJ6M44g8zQ5fqBF\/view?usp=drive_link\">Horarios Profesorado Educaci\u00f3n Musical<\/a><br \/>\n<a href=\"https:\/\/drive.google.com\/file\/d\/1WlcmswbiIpAfHEaf7iZtYbjZIGPPlLtp\/view?usp=drive_link\">Horarios Profesorado de Instrumento<\/a><br \/>\n<a href=\"https:\/\/drive.google.com\/file\/d\/1VM6qo7gTidB1p-_EC6udYOZmxBcseDDB\/view?usp=drive_link\">Horarios Profesorado de Canto L\u00edrico<\/a><a href=\"https:\/\/www.dropbox.com\/s\/nayhsnbs5v84bb6\/Profesorado%20de%20Instrumento.ods?dl=0\" target=\"_blank\" rel=\"noopener\"><br \/>\n<\/a><a href=\"https:\/\/drive.google.com\/file\/d\/100at4JnBn60Bcx8iIjRONktCy4uBrRnG\/view?usp=drive_link\">Horarios Ciclo Medio, iniciaci\u00f3n y talleres<\/a><a href=\"https:\/\/www.dropbox.com\/s\/ikrbxfiy8r2mbll\/Horarios%20foba%20bajo%20electrico.ods?dl=0\" target=\"_blank\" rel=\"noopener\"><br \/>\n<\/a><a href=\"https:\/\/drive.google.com\/file\/d\/1JRajLy2SGvOdnKMtMg1aAEKFXHK5M_EO\/view?usp=sharing\">Horario FOBA Canto Popular<\/a><a href=\"https:\/\/www.dropbox.com\/s\/jap1msy9c2k0q03\/Horarios%20foba%20canto%20popular.ods?dl=0\" target=\"_blank\" rel=\"noopener\"><br \/>\n<\/a><a href=\"https:\/\/drive.google.com\/file\/d\/1ZPK0SQD8vHc0jHcOQtcFu9bJYbJ4VJUF\/view?usp=drive_link\">Horario FOBA Instrumento<\/a><br \/>\n<a href=\"https:\/\/drive.google.com\/file\/d\/1NYXbKSlUWllHmnrcR9h9H7IHT10QaVGk\/view?usp=drive_link\">Horario FOBA Canto L\u00edrico<\/a><\/p>\n<p>Horario Equipo de Conducci\u00f3n<\/p>\n","protected":false},"excerpt":{"rendered":"<p>Horarios Profesorado Educaci\u00f3n Musical Horarios Profesorado de Instrumento Horarios Profesorado de Canto L\u00edrico Horarios Ciclo Medio, iniciaci\u00f3n y talleres Horario FOBA Canto Popular Horario FOBA Instrumento Horario FOBA Canto L\u00edrico Horario Equipo de Conducci\u00f3n<\/p>\n","protected":false},"author":43,"featured_media":0,"parent":0,"menu_order":0,"comment_status":"closed","ping_status":"closed","template":"","meta":[],"acf":[],"_links":{"self":[{"href":"https:\/\/cwilliams-bue.infd.edu.ar\/sitio\/wp-json\/wp\/v2\/pages\/746"}],"collection":[{"href":"https:\/\/cwilliams-bue.infd.edu.ar\/sitio\/wp-json\/wp\/v2\/pages"}],"about":[{"href":"https:\/\/cwilliams-bue.infd.edu.ar\/sitio\/wp-json\/wp\/v2\/types\/page"}],"author":[{"embeddable":true,"href":"https:\/\/cwilliams-bue.infd.edu.ar\/sitio\/wp-json\/wp\/v2\/users\/43"}],"replies":[{"embeddable":true,"href":"https:\/\/cwilliams-bue.infd.edu.ar\/sitio\/wp-json\/wp\/v2\/comments?post=746"}],"version-history":[{"count":8,"href":"https:\/\/cwilliams-bue.infd.edu.ar\/sitio\/wp-json\/wp\/v2\/pages\/746\/revisions"}],"predecessor-version":[{"id":1424,"href":"https:\/\/cwilliams-bue.infd.edu.ar\/sitio\/wp-json\/wp\/v2\/pages\/746\/revisions\/1424"}],"wp:attachment":[{"href":"https:\/\/cwilliams-bue.infd.edu.ar\/sitio\/wp-json\/wp\/v2\/media?parent=746"}],"curies":[{"name":"wp","href":"https:\/\/api.w.org\/{rel}","templated":true}]}}