{"id":743,"date":"2018-08-29T14:56:14","date_gmt":"2018-08-29T17:56:14","guid":{"rendered":"https:\/\/cwilliams-bue.infd.edu.ar\/sitio\/mesas-de-examenes\/"},"modified":"2023-11-21T13:58:25","modified_gmt":"2023-11-21T16:58:25","slug":"mesas-de-examenes","status":"publish","type":"page","link":"https:\/\/cwilliams-bue.infd.edu.ar\/sitio\/mesas-de-examenes\/","title":{"rendered":"Mesas de Ex\u00e1menes"},"content":{"rendered":"<h1><strong><span style=\"color: #cc6600; font-family: Arial; font-size: medium;\">Mesas de ex\u00e1menes Diciembre 2024<br \/>\n<\/span><\/strong><\/h1>\n<p><strong>Pulse aqu\u00ed para consultar las mesas<\/strong><\/p>\n<p>Recuerde seguir este procedimiento para cuando tenga que anotarse en mesas de ex\u00e1menes.<\/p>\n<p>Se debe hacer mediante nota a direcci\u00f3n especificando:<\/p>\n<ul>\n<li>Materia<\/li>\n<li>Condici\u00f3n<\/li>\n<li>Docente<\/li>\n<li>Motivo<\/li>\n<\/ul>\n","protected":false},"excerpt":{"rendered":"<p>Mesas de ex\u00e1menes Diciembre 2024 Pulse aqu\u00ed para consultar las mesas Recuerde seguir este procedimiento para cuando tenga que anotarse en mesas de ex\u00e1menes. Se debe hacer mediante nota a direcci\u00f3n especificando: Materia Condici\u00f3n Docente Motivo<\/p>\n","protected":false},"author":43,"featured_media":0,"parent":0,"menu_order":0,"comment_status":"closed","ping_status":"closed","template":"","meta":[],"acf":[],"_links":{"self":[{"href":"https:\/\/cwilliams-bue.infd.edu.ar\/sitio\/wp-json\/wp\/v2\/pages\/743"}],"collection":[{"href":"https:\/\/cwilliams-bue.infd.edu.ar\/sitio\/wp-json\/wp\/v2\/pages"}],"about":[{"href":"https:\/\/cwilliams-bue.infd.edu.ar\/sitio\/wp-json\/wp\/v2\/types\/page"}],"author":[{"embeddable":true,"href":"https:\/\/cwilliams-bue.infd.edu.ar\/sitio\/wp-json\/wp\/v2\/users\/43"}],"replies":[{"embeddable":true,"href":"https:\/\/cwilliams-bue.infd.edu.ar\/sitio\/wp-json\/wp\/v2\/comments?post=743"}],"version-history":[{"count":5,"href":"https:\/\/cwilliams-bue.infd.edu.ar\/sitio\/wp-json\/wp\/v2\/pages\/743\/revisions"}],"predecessor-version":[{"id":1076,"href":"https:\/\/cwilliams-bue.infd.edu.ar\/sitio\/wp-json\/wp\/v2\/pages\/743\/revisions\/1076"}],"wp:attachment":[{"href":"https:\/\/cwilliams-bue.infd.edu.ar\/sitio\/wp-json\/wp\/v2\/media?parent=743"}],"curies":[{"name":"wp","href":"https:\/\/api.w.org\/{rel}","templated":true}]}}